{"id":58,"date":"2017-09-05T10:06:26","date_gmt":"2017-09-05T10:06:26","guid":{"rendered":"https:\/\/caninadecantabria.es\/web\/?page_id=58"},"modified":"2017-09-05T10:14:11","modified_gmt":"2017-09-05T10:14:11","slug":"tramitaciones","status":"publish","type":"page","link":"https:\/\/caninadecantabria.es\/web\/tramitaciones\/","title":{"rendered":"Tramitaciones"},"content":{"rendered":"\n<style type=\"text\/css\" data-created_by=\"avia_inline_auto\" id=\"style-css-av-av_heading-244534fa0dbdcef01a6a0b90e15474ae\">\n#top .av-special-heading.av-av_heading-244534fa0dbdcef01a6a0b90e15474ae{\npadding-bottom:10px;\ncolor:#b02b2c;\nfont-size:30px;\n}\nbody .av-special-heading.av-av_heading-244534fa0dbdcef01a6a0b90e15474ae .av-special-heading-tag .heading-char{\nfont-size:25px;\n}\n#top #wrap_all .av-special-heading.av-av_heading-244534fa0dbdcef01a6a0b90e15474ae .av-special-heading-tag{\nfont-size:30px;\n}\n.av-special-heading.av-av_heading-244534fa0dbdcef01a6a0b90e15474ae .special-heading-inner-border{\nborder-color:#b02b2c;\n}\n.av-special-heading.av-av_heading-244534fa0dbdcef01a6a0b90e15474ae .av-subheading{\nfont-size:15px;\n}\n<\/style>\n<div  class='av-special-heading av-av_heading-244534fa0dbdcef01a6a0b90e15474ae av-special-heading-h3 custom-color-heading blockquote modern-quote  avia-builder-el-0  el_before_av_hr  avia-builder-el-first  av-inherit-size'><h3 class='av-special-heading-tag'  itemprop=\"headline\"  >Tramitaciones<\/h3><div class=\"special-heading-border\"><div class=\"special-heading-inner-border\"><\/div><\/div><\/div>\n\n<style type=\"text\/css\" data-created_by=\"avia_inline_auto\" id=\"style-css-av-av_hr-85fb1d2e555c8350b2fa8d2f5677935d\">\n#top .hr.av-av_hr-85fb1d2e555c8350b2fa8d2f5677935d{\nmargin-top:30px;\nmargin-bottom:30px;\n}\n.hr.av-av_hr-85fb1d2e555c8350b2fa8d2f5677935d .hr-inner{\nwidth:300;\nborder-color:#b02b2c;\n}\n<\/style>\n<div  class='hr av-av_hr-85fb1d2e555c8350b2fa8d2f5677935d hr-custom  avia-builder-el-1  el_after_av_heading  el_before_av_textblock  hr-left hr-icon-no'><span class='hr-inner inner-border-av-border-thin'><span class=\"hr-inner-style\"><\/span><\/span><\/div>\n<section  class='av_textblock_section av-av_textblock-0366cc7376be6c9e82a3e9cc8987b64f'  itemscope=\"itemscope\" itemtype=\"https:\/\/schema.org\/CreativeWork\" ><div class='avia_textblock'  itemprop=\"text\" ><p class=\"Texto-b\" align=\"justify\"><strong><span class=\"Texto-n-\">Notificaci\u00f3n de nacimiento e inscripci\u00f3n de camada<\/span><\/strong><\/p>\n<p align=\"justify\"><span class=\"Texto-n-\">Los reproductores, macho y hembra, tienen que estar inscritos en el L.O.E.\/R.R.C. y\u00a0 transferidos a nombre de sus propietarios (declarantes de la camada) y tomada nota en el L.O.E. antes del parto de la hembra.\u00a0<\/span><\/p>\n<p align=\"justify\"><span class=\"Texto-n-\">Los reproductores, macho y hembra, tiene que estar identificados por tatuaje o microchip comunicado a la R.S.C.E. con certificaci\u00f3n firmada por un veterinario colegiado o por el tatuador autorizado que haya realizado el implante.<\/span><\/p>\n<p align=\"justify\"><span class=\"Texto-n-\">Los reproductores, macho y hembra, tienen que estar entre las edades permitidas para la reproducci\u00f3n.<br \/>\n<\/span><\/p>\n<p align=\"justify\"><span class=\"Texto-n-\"><strong>Hembras m\u00e1s de 1 a\u00f1o y menos de 10 a\u00f1os cumplidos en el momento de la monta.<br \/>\nMachos m\u00e1s de 9 meses y menos de 12 a\u00f1os cumplidos en el momento de la monta.<\/strong><\/span><\/p>\n<p align=\"justify\"><span class=\"Texto-n-\">Si el macho es extranjero tiene que aportarse \u201cCertificado de salto\u201d del pa\u00eds de origen, copia del pedigree y copia del documento de identidad del propietario. Si en el pa\u00eds de residencia del perro no existe el \u201cCertificado de salto\u201d, hay que aportar declaraci\u00f3n del propietario, copia del pedigree y copia del documento de identidad del propietario.\u00a0<\/span><\/p>\n<p align=\"justify\"><span class=\"Texto-n-\">Si el macho o la hembra son importados, antes del nacimiento de la camada tiene que hacerse la inscripci\u00f3n del que corresponda o de ambos, en el L.O.E..<\/span><\/p>\n<p align=\"justify\"><span class=\"Texto-n-\">Solamente podr\u00e1 utilizarse afijo en el nombre de los cachorros, cuando el propietario de la hembra reproductora sea tambi\u00e9n titular del afijo. Cuando la hembra est\u00e9 en copropiedad y se quiera utilizar afijo, todos los copropietarios deber\u00e1n ser titulares del afijo.\u00a0<\/span><\/p>\n<p align=\"justify\"><span class=\"Texto-n-\">Si existe un contrato de cesi\u00f3n temporal de la hembra reproductora entre criadores, \u00e9ste debe remitirse a la R.S.C.E.\u00a0<strong>al menos 30 d\u00edas antes del nacimiento de la camada<\/strong>\u00a0para su registro en el L.O.E..<\/span><\/p>\n<p align=\"justify\"><span class=\"Texto-n-\">El nacimiento de la camada debe comunicarse a la R.S.C.E. o a la sociedad canina colaboradora que corresponda al domicilio del criador, antes de que los cachorros cumplan 30 d\u00edas, utilizando el impreso \u201cNOTIFICACION DE NACIMIENTO DE CAMADA\u201d (1er cuerpo del impreso).<\/span><\/p>\n<p align=\"justify\"><span class=\"Texto-n-\">La R.S.C.E., enviar\u00e1 al criador los Formularios de Identificaci\u00f3n Canina para identificar a los cachorros, mediante tatuaje (tatuador autorizado) o microchip (veterinario colegiado), a elecci\u00f3n del criador.<\/span><\/p>\n<p align=\"justify\"><span class=\"Texto-n-\">La inscripci\u00f3n de la camada tiene que hacerse antes de que los cachorros cumplan 6 meses de edad, utilizando el impreso \u201cSOLICITUD DE INSCRIPCION DE CAMADA\u201d (2\u00ba cuerpo del impreso) y adjuntando los Formularios de Identificaci\u00f3n Canina, cumplimentados por el tatuador autorizado o veterinario colegiado.<\/span><\/p>\n<p align=\"justify\"><span class=\"Texto-n-\">La R.S.C.E. enviar\u00e1 al criador un Justificante de Inscripci\u00f3n en el L.O.E. o R.R.C. por cada cachorro inscrito.<\/span><\/p>\n<p align=\"justify\"><span class=\"Texto-n-\">El criador deber\u00e1 facilitar al nuevo propietario del perro el Justificante de Inscripci\u00f3n para que \u00e9ste, si lo desea, pueda tramitar el pedigree a su nombre.<\/span><\/p>\n<\/div><\/section>\n\n<style type=\"text\/css\" data-created_by=\"avia_inline_auto\" id=\"style-css-av-av_hr-78733a6bbcf4727c3e8fb781d11f0e10\">\n#top .hr.av-av_hr-78733a6bbcf4727c3e8fb781d11f0e10{\nmargin-top:30px;\nmargin-bottom:30px;\n}\n.hr.av-av_hr-78733a6bbcf4727c3e8fb781d11f0e10 .hr-inner{\nwidth:300;\nborder-color:#b02b2c;\n}\n<\/style>\n<div  class='hr av-av_hr-78733a6bbcf4727c3e8fb781d11f0e10 hr-custom  avia-builder-el-3  el_after_av_textblock  el_before_av_textblock  hr-center hr-icon-no'><span class='hr-inner inner-border-av-border-thin'><span class=\"hr-inner-style\"><\/span><\/span><\/div>\n<section  class='av_textblock_section av-av_textblock-0366cc7376be6c9e82a3e9cc8987b64f'  itemscope=\"itemscope\" itemtype=\"https:\/\/schema.org\/CreativeWork\" ><div class='avia_textblock'  itemprop=\"text\" ><p><strong><span class=\"Texto-b\">Inscripciones<\/span><\/strong><\/p>\n<div align=\"justify\">\n<p class=\"style6\"><span class=\"Texto-n-\">Perros Importados<\/span><\/p>\n<p><span class=\"Texto-n-\">Para solicitar la inscripci\u00f3n en el L.O.E. o R.R.C. de la Real Sociedad Canina de Espa\u00f1a de un perro importado, es necesario el pedigree de exportaci\u00f3n (Export Pedigree) original emitido por una sociedad canina extranjera, afiliada o reconocida por la F\u00e9d\u00e9ration Cynologique Internationale (F.C.I.), a nombre del propietario espa\u00f1ol o residente en Espa\u00f1a.\u00a0<\/span><\/p>\n<p><span class=\"Texto-n-\">El propietario habr\u00e1 de cumplimentar un impreso para la inscripci\u00f3n de perros importados y pagar el importe que corresponda a esta tramitaci\u00f3n, seg\u00fan la tarifa de precios vigente en cada momento.\u00a0<\/span><\/p>\n<p><span class=\"Texto-n-\">La R.S.C.E. le devolver\u00e1 el Export Pedigree original, con la indicaci\u00f3n de la inscripci\u00f3n en el L.O.E. o R.R.C. y un Justificante de Inscripci\u00f3n en el libro geneal\u00f3gico que corresponda, a utilizar si transfiere la propiedad del perro.<\/span><\/p>\n<p><span class=\"Texto-n-\">A partir de este momento, el propietario puede presentar el perro\u00a0en exposiciones organizadas o autorizadas por la R.S.C.E. o criar con \u00e9l en Espa\u00f1a. Sus descendientes, si el cruce se ha producido con un ejemplar tambi\u00e9n registrado en la R.S.C.E., podr\u00e1n ser inscritos en el L.O.E.\u00a0o R.R.C.\u00a0\u00a0<\/span><\/p>\n<p><span class=\"Texto-n-\"><strong>MUY IMPORTANTE<\/strong>.- La R.S.C.E. no emitir\u00e1 nunca un nuevo pedigree de un perro importado. Siempre conservar\u00e1 el Export Pedigree original emitido por la sociedad canina del pa\u00eds de procedencia del perro.\u00a0<\/span><\/p>\n<p class=\"style6\"><span class=\"Texto-n-\">Perros procedentes de otros Libros de Or\u00edgenes<\/span><\/p>\n<ul type=\"disc\">\n<li><span class=\"Texto-n-\">El solicitante tiene que cumplimentar el impreso que se le facilitar\u00e1 y presentarlo en la R.S.C.E., o sociedad canina colaboradora de su zona de residencia, junto al pedigree original emitido por una sociedad canina espa\u00f1ola legalmente reconocida y pagar el importe que corresponda a la tramitaci\u00f3n solicitada, seg\u00fan la tarifa de precios vigente en cada momento.\u00a0\u00a0<\/span><\/li>\n<li><span class=\"Texto-n-\">En el pedigree debe constar la transferencia de propiedad a nombre del propietario que solicita el registro de su perro en la R.S.C.E., acreditando su personalidad mediante copia del D.N.I.. Igualmente deber\u00e1 figurar adem\u00e1s de los datos del perro y del criador, el c\u00f3digo de identificaci\u00f3n canina (tatuaje o microchip), que coincidir\u00e1 con el implantado al perro y con el que conste en la cartilla veterinaria o tarjeta de identificaci\u00f3n animal.\u00a0\u00a0<\/span><\/li>\n<li><span class=\"Texto-n-\">Deber\u00e1 aportar tambi\u00e9n la documentaci\u00f3n que acredite la baja en el libro geneal\u00f3gico de la sociedad canina nacional, legalmente reconocida, que haya expedido el pedigree.\u00a0\u00a0<\/span><\/li>\n<li><span class=\"Texto-n-\">Toda la documentaci\u00f3n ser\u00e1 examinada, para su conformidad o reparos, por la Comisi\u00f3n del Libro de Or\u00edgenes Espa\u00f1ol (C.L.O.E.) que dictaminar\u00e1 lo que en cada caso proceda.\u00a0\u00a0<\/span><\/li>\n<li><span class=\"Texto-n-\">Si la Comisi\u00f3n del Libro de Or\u00edgenes Espa\u00f1ol (C.L.O.E.) manifiesta su conformidad para continuar con la tramitaci\u00f3n, se comunicar\u00e1 al solicitante, inform\u00e1ndole que el perro ser\u00e1 inscrito en el L.O.E., si consta su genealog\u00eda registrada en los Libros Geneal\u00f3gicos de la R.S.C.E., facilit\u00e1ndose al propietario un nuevo pedigree emitido por la Real Sociedad Canina de Espa\u00f1a que sustituir\u00e1 al anterior.\u00a0 De no ser as\u00ed, el perro ser\u00e1 inscrito en el Registro de Razas Caninas (R.R.C.), en cuyo caso el propietario recibir\u00e1 un Justificante de Inscripci\u00f3n emitido tambi\u00e9n por la Real Sociedad Canina de Espa\u00f1a.\u00a0\u00a0<\/span><\/li>\n<li><span class=\"Texto-n-\">Si en la documentaci\u00f3n que aporta el solicitante no constan los padres del ejemplar, el propietario habr\u00e1 de presentar a su perro para realizar el Registro Inicial y verificaci\u00f3n de la identificaci\u00f3n ante un Juez designado por la R.S.C.E. en cualquiera de las exposiciones que conforman el calendario anual.\u00a0 Para pasar esta prueba el perro ha de tener un a\u00f1o cumplido.\u00a0\u00a0<\/span><\/li>\n<li><span class=\"Texto-n-\">Si el dictamen del Juez es apto, se autorizar\u00e1 la inscripci\u00f3n del perro en el Registro de Razas Caninas, (R.R.C.) de la Real Sociedad Canina de Espa\u00f1a, facilit\u00e1ndose al propietario solicitante el oportuno Justificante de Inscripci\u00f3n.\u00a0\u00a0<\/span><\/li>\n<li><span class=\"Texto-n-\">En el caso de que la Comisi\u00f3n del Libro de Or\u00edgenes Espa\u00f1ol (C.L.O.E.) no autorizase la inscripci\u00f3n en el L.O.E. o R.R.C. de la R.S.C.E. se devolver\u00eda al propietario solicitante el importe pagado.<\/span><\/li>\n<\/ul>\n<\/div>\n<\/div><\/section>\n\n<style type=\"text\/css\" data-created_by=\"avia_inline_auto\" id=\"style-css-av-av_hr-78733a6bbcf4727c3e8fb781d11f0e10\">\n#top .hr.av-av_hr-78733a6bbcf4727c3e8fb781d11f0e10{\nmargin-top:30px;\nmargin-bottom:30px;\n}\n.hr.av-av_hr-78733a6bbcf4727c3e8fb781d11f0e10 .hr-inner{\nwidth:300;\nborder-color:#b02b2c;\n}\n<\/style>\n<div  class='hr av-av_hr-78733a6bbcf4727c3e8fb781d11f0e10 hr-custom  avia-builder-el-5  el_after_av_textblock  el_before_av_textblock  hr-center hr-icon-no'><span class='hr-inner inner-border-av-border-thin'><span class=\"hr-inner-style\"><\/span><\/span><\/div>\n<section  class='av_textblock_section av-av_textblock-0366cc7376be6c9e82a3e9cc8987b64f'  itemscope=\"itemscope\" itemtype=\"https:\/\/schema.org\/CreativeWork\" ><div class='avia_textblock'  itemprop=\"text\" ><p class=\"style8\"><strong><span class=\"Texto-b\">Cesi\u00f3n temporal de propiedad de la hembra<\/span><\/strong><\/p>\n<p><span class=\"Texto-n-\">El propietario de una hembra, que figure como tal en el L.O.E., puede ceder a un tercero los derechos sobre una camada;\u00a0quien a partir de entonces ser\u00e1 considerado como\u00a0criador de la misma y podr\u00e1 inscribir a su nombre los cachorros que nazcan.<\/span><\/p>\n<p><span class=\"Texto-n-\">Esta cesi\u00f3n temporal de la hembra deber\u00e1 ser documentada debidamente, haciendo constar las condiciones de la misma, mediante escritura p\u00fablica o documento privado con las firmas legitimadas de los contratantes, y deber\u00e1 ser presentada en la R.S.C.E. o en la sociedad canina colaboradora que corresponda seg\u00fan el lugar de residencia del solicitante, para su anotaci\u00f3n, con una antelaci\u00f3n m\u00ednima de 30 d\u00edas a la fecha de nacimiento de la camada.\u00a0<\/span><\/p>\n<\/div><\/section>\n\n<style type=\"text\/css\" data-created_by=\"avia_inline_auto\" id=\"style-css-av-av_hr-78733a6bbcf4727c3e8fb781d11f0e10\">\n#top .hr.av-av_hr-78733a6bbcf4727c3e8fb781d11f0e10{\nmargin-top:30px;\nmargin-bottom:30px;\n}\n.hr.av-av_hr-78733a6bbcf4727c3e8fb781d11f0e10 .hr-inner{\nwidth:300;\nborder-color:#b02b2c;\n}\n<\/style>\n<div  class='hr av-av_hr-78733a6bbcf4727c3e8fb781d11f0e10 hr-custom  avia-builder-el-7  el_after_av_textblock  el_before_av_textblock  hr-center hr-icon-no'><span class='hr-inner inner-border-av-border-thin'><span class=\"hr-inner-style\"><\/span><\/span><\/div>\n<section  class='av_textblock_section av-av_textblock-0366cc7376be6c9e82a3e9cc8987b64f'  itemscope=\"itemscope\" itemtype=\"https:\/\/schema.org\/CreativeWork\" ><div class='avia_textblock'  itemprop=\"text\" ><div align=\"justify\">\n<p><strong><span class=\"Texto-b\">Pedrigree<\/span><span class=\"Texto-n-\"><br \/>\n<\/span><\/strong><\/p>\n<p><span class=\"Texto-n-\">Todo ejemplar del que sean conocidas un m\u00ednimo de tres generaciones (hasta los bisabuelos), figurar\u00e1 inscrito en el L.O.E.. Por el contrario, los ejemplares de los que no son conocidas sus tres generaciones completas, se inscriben en el Registro de Razas Caninas (R.R.C.).<br \/>\nEl pedigree es el documento que certifica la genealog\u00eda del ejemplar hasta un m\u00ednimo de tres generaciones, si est\u00e1 inscrito en el L.O.E.; o de todos los antepasados conocidos, hasta la tercera generaci\u00f3n, si est\u00e1 inscrito en el R.R.C.<br \/>\nEl pedigree contiene la siguiente informaci\u00f3n:<\/span><\/p>\n<ul type=\"disc\">\n<li style=\"list-style-type: none;\">\n<ul type=\"circle\">\n<li><span class=\"Texto-n-\">Denominaci\u00f3n del Libro Geneal\u00f3gico y n\u00famero con el que el perro ha sido\u00a0registrado<\/span><\/li>\n<li><span class=\"Texto-n-\">Fecha de la inscripci\u00f3n<\/span><\/li>\n<li><span class=\"Texto-n-\">Nombre del perro<\/span><\/li>\n<li><span class=\"Texto-n-\">T\u00edtulos de Campeonato obtenidos<\/span><\/li>\n<li><span class=\"Texto-n-\">Raza<\/span><\/li>\n<li><span class=\"Texto-n-\">Variedad<\/span><\/li>\n<li><span class=\"Texto-n-\">Sexo<\/span><\/li>\n<li><span class=\"Texto-n-\">Color<\/span><\/li>\n<li><span class=\"Texto-n-\">Fecha de nacimiento<\/span><\/li>\n<li><span class=\"Texto-n-\">C\u00f3digo de identificaci\u00f3n (tatuaje o microchip)<\/span><\/li>\n<li><span class=\"Texto-n-\">Nombre del criador<\/span><\/li>\n<li><span class=\"Texto-n-\">Fecha de la transferencia de propiedad<\/span><\/li>\n<li><span class=\"Texto-n-\">Nombre y domicilio del propietario<\/span><\/li>\n<li><span class=\"Texto-n-\">Fecha de emisi\u00f3n del pedigree<\/span><\/li>\n<li><span class=\"Texto-n-\">Firmas autorizadas de la Sociedad Canina<\/span><\/li>\n<li><span class=\"Texto-n-\">Nombre y n\u00famero de registro de los padres, abuelos y bisabuelos\u00a0\u00a0<\/span><\/li>\n<\/ul>\n<\/li>\n<\/ul>\n<p><span class=\"Texto-n-\">El pedigree acreditar\u00e1 que el perro es de pura raza, sin que se hayan producido cruces indeseados entre sus antecesores, de acuerdo con la informaci\u00f3n facilitada a la R.S.C.E. por el\/los criador\/es al solicitar la inscripci\u00f3n en el L.O.E. de sus camadas.<br \/>\n<\/span><\/p>\n<p><span class=\"Texto-n-\"><strong>TRAMITACI\u00d3N \u00a0<\/strong><br \/>\n<\/span><\/p>\n<p><span class=\"Texto-n-\"><strong>CESI\u00d3N DE PROPIEDAD CON EL JUSTIFICANTE DE INSCRIPCI\u00d3N EN EL L.O.E.\/R.R.C.<\/strong><br \/>\nCuando cambia por primera vez la propiedad de un perro el propietario ha de utilizar el original del Justificante de Inscripci\u00f3n en el L.O.E. o R.R.C. que le haya entregado el criador o el establecimiento en el que adquiri\u00f3 su perro, cumplimentado al dorso (Solicitud de Cesi\u00f3n de Propiedad), sin enmiendas, con el nombre y direcci\u00f3n completos del nuevo propietario o propietarios, firmado por todos los propietarios anteriores (cedentes) y todos los propietarios nuevos.<br \/>\nEl propietario presentar\u00e1 el citado Justificante de Inscripci\u00f3n para solicitar un \u201cPedigree con transferencia de tres generaciones\u201d o un \u201cPedigree con transferencia de cuatro generaciones\u201d (ambos igualmente v\u00e1lidos a todos los efectos), en las oficinas de la Real Sociedad Canina de Espa\u00f1a o en las de la Sociedad Canina colaboradora de la R.S.C.E. que corresponda al lugar de residencia del mismo y pagar\u00e1 el importe que corresponda a la tramitaci\u00f3n, seg\u00fan la tarifa de precios vigente, variando el importe si ostenta la condici\u00f3n de socio de la R.S.C.E.<br \/>\nSi es el propio criador el que tramita el pedigree a su nombre, sin transferir la propiedad, el procedimiento a seguir es semejante, excepto que ha de cumplimentar el dorso con sus propios datos y firmar \u00fanicamente \u00e9l.<br \/>\nUna vez realizada la tramitaci\u00f3n, el propietario recibir\u00e1 el pedigree del ejemplar a su nombre.<br \/>\n<\/span><\/p>\n<p><span class=\"Texto-n-\"><strong>CESI\u00d3N DE PROPIEDAD CON EL PEDIGREE<\/strong><br \/>\nSi la Solicitud de Cesi\u00f3n de Propiedad se realiza una vez obtenido el pedigree se seguir\u00e1 un procedimiento similar al expuesto anteriormente.<br \/>\nEl nuevo propietario deber\u00e1 cumplimentar el apartado correspondiente de la Cesi\u00f3n de Propiedad con su nombre y direcci\u00f3n e, igualmente, deber\u00e1n constar las firmas de todos los cedentes y todos los nuevos propietarios.<br \/>\n<\/span><\/p>\n<\/div>\n<\/div><\/section>\n\n<style type=\"text\/css\" data-created_by=\"avia_inline_auto\" id=\"style-css-av-av_hr-78733a6bbcf4727c3e8fb781d11f0e10\">\n#top .hr.av-av_hr-78733a6bbcf4727c3e8fb781d11f0e10{\nmargin-top:30px;\nmargin-bottom:30px;\n}\n.hr.av-av_hr-78733a6bbcf4727c3e8fb781d11f0e10 .hr-inner{\nwidth:300;\nborder-color:#b02b2c;\n}\n<\/style>\n<div  class='hr av-av_hr-78733a6bbcf4727c3e8fb781d11f0e10 hr-custom  avia-builder-el-9  el_after_av_textblock  el_before_av_textblock  hr-center hr-icon-no'><span class='hr-inner inner-border-av-border-thin'><span class=\"hr-inner-style\"><\/span><\/span><\/div>\n<section  class='av_textblock_section av-av_textblock-0366cc7376be6c9e82a3e9cc8987b64f'  itemscope=\"itemscope\" itemtype=\"https:\/\/schema.org\/CreativeWork\" ><div class='avia_textblock'  itemprop=\"text\" ><p><span class=\"Texto-b\"><strong><span class=\"Texto-n-\">Afijos<\/span><\/strong><br \/>\n<\/span><\/p>\n<p align=\"justify\"><span class=\"Texto-n-\">Para solicitar un afijo se deber\u00e1 cumplimentar el impreso correspondiente dirigido a la Comisi\u00f3n del L.O.E., pudi\u00e9ndose indicar hasta tres opciones, por orden de preferencia, as\u00ed como los datos y firma\/s de la\/s persona\/s que lo solicita\/n. Dicha solicitud deber\u00e1 remitirse a la R.S.C.E. o a la sociedad canina colaboradora que corresponda seg\u00fan el lugar de residencia del solicitante .\u00a0<\/span><\/p>\n<p align=\"justify\"><span class=\"Texto-n-\">Desde la Real Sociedad Canina de Espa\u00f1a se cursa la solicitud a la F\u00e9d\u00e9ration Cynologique Internationale (F.C.I.), con sede en B\u00e9lgica, donde se autorizan o deniegan los afijos.\u00a0<\/span><\/p>\n<p align=\"justify\"><span class=\"Texto-n-\">La concesi\u00f3n de un afijo autoriza a su titular o titulares a utilizarlo en la inscripci\u00f3n de camadas. Todos los titulares del afijo deben ser propietarios de la hembra, madre de la camada, para poder utilizar el afijo.\u00a0<\/span><\/p>\n<p align=\"justify\"><span class=\"Texto-n-\">El afijo es propiedad exclusiva de la persona o colectividad que ha adquirido el derecho y es vitalicio.\u00a0<\/span><\/p>\n<p align=\"justify\"><span class=\"Texto-n-\">El propietario de un afijo puede aplicarlo a todos los ejemplares de cualquier raza de la que es criador. No puede aplicarse a un ejemplar un afijo diferente al de su criador.\u00a0<\/span><\/p>\n<p align=\"justify\"><span class=\"Texto-n-\">Nadie podr\u00e1 ser titular de m\u00e1s de un afijo.<\/span><\/p>\n<\/div><\/section>\n\n<style type=\"text\/css\" data-created_by=\"avia_inline_auto\" id=\"style-css-av-av_hr-78733a6bbcf4727c3e8fb781d11f0e10\">\n#top .hr.av-av_hr-78733a6bbcf4727c3e8fb781d11f0e10{\nmargin-top:30px;\nmargin-bottom:30px;\n}\n.hr.av-av_hr-78733a6bbcf4727c3e8fb781d11f0e10 .hr-inner{\nwidth:300;\nborder-color:#b02b2c;\n}\n<\/style>\n<div  class='hr av-av_hr-78733a6bbcf4727c3e8fb781d11f0e10 hr-custom  avia-builder-el-11  el_after_av_textblock  el_before_av_textblock  hr-center hr-icon-no'><span class='hr-inner inner-border-av-border-thin'><span class=\"hr-inner-style\"><\/span><\/span><\/div>\n<section  class='av_textblock_section av-av_textblock-0366cc7376be6c9e82a3e9cc8987b64f'  itemscope=\"itemscope\" itemtype=\"https:\/\/schema.org\/CreativeWork\" ><div class='avia_textblock'  itemprop=\"text\" ><p class=\"Texto-n-\"><strong>Socios<\/strong><\/p>\n<p align=\"justify\"><span class=\"Texto-n-\">Para solicitar afiliarse a la R.S.C.E. deber\u00e1 cumplimentarse el impreso correspondiente, aportando todos los datos en \u00e9l solicitados, as\u00ed como fotocopia del D.N.I. del interesado.\u00a0<\/span><\/p>\n<p align=\"justify\"><span class=\"Texto-n-\">El solicitante deber\u00e1 ser presentado por dos socios de la R.S.C.E.\u00a0<\/span><\/p>\n<p align=\"justify\"><span class=\"Texto-n-\">Toda petici\u00f3n de ingreso que cumpla los requisitos exigidos se pasar\u00e1 a examen y decisi\u00f3n del Comit\u00e9 de Direcci\u00f3n, que acordar\u00e1, por votaci\u00f3n, la admisi\u00f3n o no del solicitante.<\/span><\/p>\n<\/div><\/section>\n","protected":false},"excerpt":{"rendered":"","protected":false},"author":3,"featured_media":0,"parent":0,"menu_order":0,"comment_status":"closed","ping_status":"closed","template":"","meta":[],"_links":{"self":[{"href":"https:\/\/caninadecantabria.es\/web\/wp-json\/wp\/v2\/pages\/58"}],"collection":[{"href":"https:\/\/caninadecantabria.es\/web\/wp-json\/wp\/v2\/pages"}],"about":[{"href":"https:\/\/caninadecantabria.es\/web\/wp-json\/wp\/v2\/types\/page"}],"author":[{"embeddable":true,"href":"https:\/\/caninadecantabria.es\/web\/wp-json\/wp\/v2\/users\/3"}],"replies":[{"embeddable":true,"href":"https:\/\/caninadecantabria.es\/web\/wp-json\/wp\/v2\/comments?post=58"}],"version-history":[{"count":6,"href":"https:\/\/caninadecantabria.es\/web\/wp-json\/wp\/v2\/pages\/58\/revisions"}],"predecessor-version":[{"id":64,"href":"https:\/\/caninadecantabria.es\/web\/wp-json\/wp\/v2\/pages\/58\/revisions\/64"}],"wp:attachment":[{"href":"https:\/\/caninadecantabria.es\/web\/wp-json\/wp\/v2\/media?parent=58"}],"curies":[{"name":"wp","href":"https:\/\/api.w.org\/{rel}","templated":true}]}}