{"id":29,"date":"2017-09-05T09:06:47","date_gmt":"2017-09-05T09:06:47","guid":{"rendered":"https:\/\/caninadecantabria.es\/web\/?page_id=29"},"modified":"2025-05-05T07:38:52","modified_gmt":"2025-05-05T07:38:52","slug":"junta-directiva","status":"publish","type":"page","link":"https:\/\/caninadecantabria.es\/web\/junta-directiva\/","title":{"rendered":"Junta Directiva"},"content":{"rendered":"\n<style type=\"text\/css\" data-created_by=\"avia_inline_auto\" id=\"style-css-av-2bqdh-7da711169c25f6b0db732192f348cbd8\">\n#top .av-special-heading.av-2bqdh-7da711169c25f6b0db732192f348cbd8{\npadding-bottom:10px;\ncolor:#b02b2c;\nfont-size:30px;\n}\nbody .av-special-heading.av-2bqdh-7da711169c25f6b0db732192f348cbd8 .av-special-heading-tag .heading-char{\nfont-size:25px;\n}\n#top #wrap_all .av-special-heading.av-2bqdh-7da711169c25f6b0db732192f348cbd8 .av-special-heading-tag{\nfont-size:30px;\n}\n.av-special-heading.av-2bqdh-7da711169c25f6b0db732192f348cbd8 .special-heading-inner-border{\nborder-color:#b02b2c;\n}\n.av-special-heading.av-2bqdh-7da711169c25f6b0db732192f348cbd8 .av-subheading{\nfont-size:15px;\n}\n<\/style>\n<div  class='av-special-heading av-2bqdh-7da711169c25f6b0db732192f348cbd8 av-special-heading-h3 custom-color-heading blockquote modern-quote  avia-builder-el-0  el_before_av_hr  avia-builder-el-first  av-inherit-size'><h3 class='av-special-heading-tag'  itemprop=\"headline\"  >Junta Directiva<\/h3><div class=\"special-heading-border\"><div class=\"special-heading-inner-border\"><\/div><\/div><\/div>\n\n<style type=\"text\/css\" data-created_by=\"avia_inline_auto\" id=\"style-css-av-194hd-d54da367cff7520af80b07ffad45ddf9\">\n#top .hr.av-194hd-d54da367cff7520af80b07ffad45ddf9{\nmargin-top:30px;\nmargin-bottom:30px;\n}\n.hr.av-194hd-d54da367cff7520af80b07ffad45ddf9 .hr-inner{\nwidth:300;\nborder-color:#b02b2c;\n}\n<\/style>\n<div  class='hr av-194hd-d54da367cff7520af80b07ffad45ddf9 hr-custom  avia-builder-el-1  el_after_av_heading  el_before_av_textblock  hr-left hr-icon-no'><span class='hr-inner inner-border-av-border-thin'><span class=\"hr-inner-style\"><\/span><\/span><\/div>\n<section  class='av_textblock_section av-t0xh-d2b9c80acdc0849080ce8ff6d4b6aceb'  itemscope=\"itemscope\" itemtype=\"https:\/\/schema.org\/CreativeWork\" ><div class='avia_textblock'  itemprop=\"text\" ><ul>\n<li>\n<div dir=\"auto\"><span style=\"color: #000000;\">Asesora Jur\u00eddica: D\u00f1a.\u00a0Margarita And\u00fajar Camacho<\/span><\/div>\n<\/li>\n<li>\n<div dir=\"auto\"><span style=\"color: #000000;\">Secretaria Administrativa: D\u00f1a.\u00a0Victoria Eugenia Abascal<\/span><\/div>\n<\/li>\n<li><span style=\"color: #000000;\">Presidenta: D\u00f1a. F\u00e1tima G\u00f3mez Montes\u00a0<a href=\"mailto:scmpresidenta@gmail.com\">scmpresidenta@gmail.com<\/a><\/span><\/li>\n<li><span style=\"color: #000000;\">Vicepresidente: D. Javier de la Torre<\/span><\/li>\n<li><span style=\"color: #000000;\">Secretaria: D\u00f1a. Maria Jose Diaz <a href=\"mailto:secretaria.scm.6@gmail.com\">secretaria.scm.6@gmail.com<\/a><\/span><\/li>\n<li><span style=\"color: #000000;\">Tesorero: D.\u00a0Ignacio Calvo <a href=\"mailto:Tesoreroscm@gmail.com\">tesoreroscm@gmail.com\u00a0<\/a><\/span><\/li>\n<li>Delegada de pruebas de trabajo: D\u00f1a Cristina Ceballos<\/li>\n<\/ul>\n<p><span style=\"color: #000000;\">Vocales: <\/span><\/p>\n<ul>\n<li>\n<div dir=\"auto\"><span style=\"color: #000000;\">Rosa Pell\u00f3n<\/span><\/div>\n<\/li>\n<li>\n<div dir=\"auto\"><span style=\"color: #000000;\">Garbi\u00f1e Iglesias<\/span><\/div>\n<\/li>\n<li>\n<div dir=\"auto\"><span style=\"color: #000000;\">Enrique Mazas<\/span><\/div>\n<\/li>\n<li>\n<div dir=\"auto\"><\/div>\n<div dir=\"auto\">C\u00e9sar Cardenal<\/div>\n<\/li>\n<\/ul>\n<\/div><\/section>\n","protected":false},"excerpt":{"rendered":"","protected":false},"author":3,"featured_media":0,"parent":0,"menu_order":0,"comment_status":"closed","ping_status":"closed","template":"","meta":[],"_links":{"self":[{"href":"https:\/\/caninadecantabria.es\/web\/wp-json\/wp\/v2\/pages\/29"}],"collection":[{"href":"https:\/\/caninadecantabria.es\/web\/wp-json\/wp\/v2\/pages"}],"about":[{"href":"https:\/\/caninadecantabria.es\/web\/wp-json\/wp\/v2\/types\/page"}],"author":[{"embeddable":true,"href":"https:\/\/caninadecantabria.es\/web\/wp-json\/wp\/v2\/users\/3"}],"replies":[{"embeddable":true,"href":"https:\/\/caninadecantabria.es\/web\/wp-json\/wp\/v2\/comments?post=29"}],"version-history":[{"count":61,"href":"https:\/\/caninadecantabria.es\/web\/wp-json\/wp\/v2\/pages\/29\/revisions"}],"predecessor-version":[{"id":3204,"href":"https:\/\/caninadecantabria.es\/web\/wp-json\/wp\/v2\/pages\/29\/revisions\/3204"}],"wp:attachment":[{"href":"https:\/\/caninadecantabria.es\/web\/wp-json\/wp\/v2\/media?parent=29"}],"curies":[{"name":"wp","href":"https:\/\/api.w.org\/{rel}","templated":true}]}}