{"id":21,"date":"2017-09-05T09:01:12","date_gmt":"2017-09-05T09:01:12","guid":{"rendered":"https:\/\/caninadecantabria.es\/web\/?page_id=21"},"modified":"2026-04-22T10:19:35","modified_gmt":"2026-04-22T10:19:35","slug":"inicio","status":"publish","type":"page","link":"https:\/\/caninadecantabria.es\/web\/","title":{"rendered":"Inicio"},"content":{"rendered":"<div id='av-layout-grid-1'  class='av-layout-grid-container av-do2r5-82ab7b3919082576d0a2932e9b7e822b entry-content-wrapper main_color av-flex-cells  avia-builder-el-0  avia-builder-el-no-sibling   container_wrap sidebar_right'  >\n\n<style type=\"text\/css\" data-created_by=\"avia_inline_auto\" id=\"style-css-av-4ldd-cf50fad34d6a33fcbee473a3e6cdc0c4\">\n.flex_cell.av-4ldd-cf50fad34d6a33fcbee473a3e6cdc0c4{\nvertical-align:top;\npadding:30px 30px 30px 30px;\n}\n<\/style>\n<div class='flex_cell av_three_fourth av-4ldd-cf50fad34d6a33fcbee473a3e6cdc0c4 no_margin  avia-builder-el-1  el_before_av_cell_one_fourth  avia-builder-el-first ' ><div class='flex_cell_inner'><section  class='av_textblock_section av-a2nnd-3d51f245edc2039d221ac1f922b7eaef'  itemscope=\"itemscope\" itemtype=\"https:\/\/schema.org\/CreativeWork\" ><div class='avia_textblock'  itemprop=\"text\" ><h3 style=\"text-align: center;\">\u00daLTIMAS NOTICIAS<\/h3>\n<p style=\"text-align: center;\"><strong>La Sociedad Canina Monta\u00f1esa busca patrocinador, ya que ha finalizado su patrocinio con Arion. Contacto: 639 73 06 44<\/strong><\/p>\n<p style=\"text-align: center;\">\n<p style=\"text-align: center;\">\n<p style=\"text-align: center;\">\n<p style=\"text-align: center;\"><img loading=\"lazy\" class=\"alignnone  wp-image-3522\" src=\"https:\/\/caninadecantabria.es\/web\/wp-content\/uploads\/2026\/04\/cartelguriezo1-243x300.jpg\" alt=\"\" width=\"441\" height=\"544\" srcset=\"https:\/\/caninadecantabria.es\/web\/wp-content\/uploads\/2026\/04\/cartelguriezo1-243x300.jpg 243w, https:\/\/caninadecantabria.es\/web\/wp-content\/uploads\/2026\/04\/cartelguriezo1-768x948.jpg 768w, https:\/\/caninadecantabria.es\/web\/wp-content\/uploads\/2026\/04\/cartelguriezo1-571x705.jpg 571w, https:\/\/caninadecantabria.es\/web\/wp-content\/uploads\/2026\/04\/cartelguriezo1-600x741.jpg 600w, https:\/\/caninadecantabria.es\/web\/wp-content\/uploads\/2026\/04\/cartelguriezo1.jpg 777w\" sizes=\"(max-width: 441px) 100vw, 441px\" \/><\/p>\n<p style=\"text-align: center;\">\n<p style=\"text-align: center;\">\n<hr \/>\n<p style=\"text-align: center;\">\n<p style=\"text-align: center;\">&#8212;&#8212;&#8212;&#8212;&#8212;&#8212;&#8212;&#8212;&#8212;&#8212;&#8212;&#8212;&#8212;&#8212;&#8212;&#8212;&#8212;&#8212;&#8212;&#8212;&#8212;&#8212;&#8212;&#8212;&#8212;&#8212;&#8212;&#8212;&#8212;&#8212;&#8212;&#8212;&#8212;&#8212;&#8212;&#8212;&#8212;&#8212;&#8212;&#8212;&#8212;&#8212;&#8212;&#8212;&#8212;&#8212;&#8212;&#8212;&#8212;&#8212;&#8212;&#8212;&#8212;&#8212;&#8212;&#8212;&#8212;&#8212;&#8212;&#8212;&#8211;<\/p>\n<p style=\"text-align: center;\">\n<p style=\"text-align: center;\">\n<p style=\"text-align: center;\">\n<p style=\"text-align: center;\">\n<p style=\"text-align: center;\">\n<\/div><\/section><br \/>\n\n<style type=\"text\/css\" data-created_by=\"avia_inline_auto\" id=\"style-css-av-a8sv9-529be6c1a50ca8257aa2b6dff11daa00\">\n#top .hr.av-a8sv9-529be6c1a50ca8257aa2b6dff11daa00{\nmargin-top:30px;\nmargin-bottom:30px;\n}\n.hr.av-a8sv9-529be6c1a50ca8257aa2b6dff11daa00 .hr-inner{\nwidth:300;\nborder-color:#b02b2c;\n}\n<\/style>\n<div  class='hr av-a8sv9-529be6c1a50ca8257aa2b6dff11daa00 hr-custom  avia-builder-el-3  el_after_av_textblock  el_before_av_textblock  hr-center hr-icon-no'><span class='hr-inner inner-border-av-border-thin'><span class=\"hr-inner-style\"><\/span><\/span><\/div><br \/>\n<section  class='av_textblock_section av-55vzp-eaf820dad446189153f944c444c4aae2'  itemscope=\"itemscope\" itemtype=\"https:\/\/schema.org\/CreativeWork\" ><div class='avia_textblock'  itemprop=\"text\" ><div dir=\"auto\" style=\"text-align: center;\"><\/div>\n<div dir=\"auto\"><\/div>\n<div dir=\"auto\" style=\"text-align: center;\"><\/div>\n<div dir=\"auto\"><\/div>\n<div dir=\"auto\"><\/div>\n<div dir=\"auto\"><\/div>\n<div dir=\"auto\"><\/div>\n<div dir=\"auto\"><\/div>\n<div dir=\"auto\" style=\"text-align: center;\"><strong>AVISO A SOCIOS<\/strong><\/div>\n<div dir=\"auto\" style=\"text-align: center;\">\n<p style=\"text-align: left;\">Santander 20 de noviembre de 2024.<\/p>\n<p style=\"text-align: left;\">Estimado socio\/a:<br \/>\nSeg\u00fan indicaciones de la RSCE, os comunicamos que todas las camadas que se inscriban antes del d\u00eda 1 de enero no estar\u00e1n sometidas a la nueva normativa de que los progenitores tengan hechas las pruebas de ADN, sin embargo, todas la que se den de alta a partir del 1 de enero de 2025 inclusive, tendr\u00e1n que tener pasada la prueba de ADN obligatoriamente, independientemente de la fecha de nacimiento o presentaci\u00f3n de la notificaci\u00f3n de nacimiento.<br \/>\nTambi\u00e9n comunicaros seg\u00fan la nueva normativa todo ejemplar tendr\u00e1 que estar a nombre del propietario en el momento de la monta.<br \/>\nAs\u00ed mismo os informamos que la edad m\u00ednima para las hembras en el momento de la monta ser\u00e1 de 15 meses, nunca antes.<br \/>\nEsperando tomes buena nota, aprovechamos la ocasi\u00f3n para saludarte muy cordialmente.<\/p>\n<p><strong>Nuevos horarios abiertos al p\u00fablico. <\/strong><\/div>\n<div dir=\"auto\" style=\"text-align: center;\"><strong>Lunes de 17 a 21horas. <\/strong><\/div>\n<div dir=\"auto\" style=\"text-align: center;\"><strong>Martes de 10 a 14 h. <\/strong><\/div>\n<div dir=\"auto\" style=\"text-align: center;\"><strong>Mi\u00e9rcoles de 17 a 21 horas <\/strong><\/div>\n<div dir=\"auto\" style=\"text-align: center;\"><strong>.Jueves de 17 a 20:30 <\/strong><\/div>\n<div dir=\"auto\" style=\"text-align: center;\"><strong>Viernes de 10 a 13:30 horas. <\/strong><\/div>\n<div dir=\"auto\" style=\"text-align: center;\"><strong>Para m\u00e1s informaci\u00f3n enviar email a caninamontanesa@gmail.com<\/strong><\/div>\n<div dir=\"auto\" style=\"text-align: center;\"><strong>Reclamaciones enviar email a scmpresidenta@gmail.com<\/strong><\/div>\n<\/div><\/section><br \/>\n\n<style type=\"text\/css\" data-created_by=\"avia_inline_auto\" id=\"style-css-av-bk5nh-4680e9ff99980eff3dcc3bc42b92506c\">\n#top .hr.av-bk5nh-4680e9ff99980eff3dcc3bc42b92506c{\nmargin-top:30px;\nmargin-bottom:30px;\n}\n.hr.av-bk5nh-4680e9ff99980eff3dcc3bc42b92506c .hr-inner{\nwidth:300;\nborder-color:#b02b2c;\n}\n<\/style>\n<div  class='hr av-bk5nh-4680e9ff99980eff3dcc3bc42b92506c hr-custom  avia-builder-el-5  el_after_av_textblock  el_before_av_textblock  hr-center hr-icon-no'><span class='hr-inner inner-border-av-border-thin'><span class=\"hr-inner-style\"><\/span><\/span><\/div><br \/>\n<section  class='av_textblock_section av-ba1gd-0a63b4c9cd30f03b425d68911f0c2a99'  itemscope=\"itemscope\" itemtype=\"https:\/\/schema.org\/CreativeWork\" ><div class='avia_textblock'  itemprop=\"text\" ><h4 dir=\"auto\" style=\"text-align: center;\"><\/h4>\n<h4 dir=\"auto\" style=\"text-align: center;\"><\/h4>\n<div dir=\"auto\"><\/div>\n<div dir=\"auto\"><\/div>\n<h3 dir=\"auto\"><\/h3>\n<h3 dir=\"auto\"><\/h3>\n<h3 dir=\"auto\" style=\"text-align: center;\"><\/h3>\n<h3 style=\"text-align: center;\"><\/h3>\n<p style=\"text-align: center;\">\n<p style=\"text-align: center;\">\n<p style=\"text-align: center;\"><strong>AVISO IMPORTANTE<\/strong><\/p>\n<p style=\"text-align: center;\">Est\u00e1n disponibles los carnets de socio en la SCM<\/p>\n<hr \/>\n<p style=\"text-align: center;\">\n<h4 dir=\"auto\" style=\"text-align: center;\"><\/h4>\n<div dir=\"auto\"><\/div>\n<div dir=\"auto\"><\/div>\n<div dir=\"auto\"><\/div>\n<div dir=\"auto\" style=\"text-align: center;\"><\/div>\n<div dir=\"auto\" style=\"text-align: center;\"><\/div>\n<\/div><\/section><br \/>\n\n<style type=\"text\/css\" data-created_by=\"avia_inline_auto\" id=\"style-css-av-9d0f9-eac2a86037db4f0b466abf367aa18f47\">\n#top .hr.av-9d0f9-eac2a86037db4f0b466abf367aa18f47{\nmargin-top:30px;\nmargin-bottom:30px;\n}\n.hr.av-9d0f9-eac2a86037db4f0b466abf367aa18f47 .hr-inner{\nwidth:300;\nborder-color:#b02b2c;\n}\n<\/style>\n<div  class='hr av-9d0f9-eac2a86037db4f0b466abf367aa18f47 hr-custom  avia-builder-el-7  el_after_av_textblock  el_before_av_textblock  hr-center hr-icon-no'><span class='hr-inner inner-border-av-border-thin'><span class=\"hr-inner-style\"><\/span><\/span><\/div><br \/>\n<section  class='av_textblock_section av-8mbgt-e7e2bc8ce4042994b10372b09ebeccb1'  itemscope=\"itemscope\" itemtype=\"https:\/\/schema.org\/CreativeWork\" ><div class='avia_textblock'  itemprop=\"text\" ><p style=\"text-align: center;\">\n<p style=\"text-align: center;\">\n<p style=\"text-align: center;\">\n<\/div><\/section><br \/>\n\n<style type=\"text\/css\" data-created_by=\"avia_inline_auto\" id=\"style-css-av-8b4ot-be8f5f438b3123ebdfbf3ff04c5ee90d\">\n#top .hr.av-8b4ot-be8f5f438b3123ebdfbf3ff04c5ee90d{\nmargin-top:30px;\nmargin-bottom:30px;\n}\n.hr.av-8b4ot-be8f5f438b3123ebdfbf3ff04c5ee90d .hr-inner{\nwidth:300;\nborder-color:#b02b2c;\n}\n<\/style>\n<div  class='hr av-8b4ot-be8f5f438b3123ebdfbf3ff04c5ee90d hr-custom  avia-builder-el-9  el_after_av_textblock  el_before_av_textblock  hr-center hr-icon-no'><span class='hr-inner inner-border-av-border-thin'><span class=\"hr-inner-style\"><\/span><\/span><\/div><br \/>\n\n<style type=\"text\/css\" data-created_by=\"avia_inline_auto\" id=\"style-css-av-7hm6t-e44200b2a0d59c3a554997e2afb492ac\">\n#top .av_textblock_section.av-7hm6t-e44200b2a0d59c3a554997e2afb492ac .avia_textblock{\nfont-size:10px;\n}\n<\/style>\n<section  class='av_textblock_section av-7hm6t-e44200b2a0d59c3a554997e2afb492ac'  itemscope=\"itemscope\" itemtype=\"https:\/\/schema.org\/CreativeWork\" ><div class='avia_textblock'  itemprop=\"text\" ><div class=\"page\" title=\"Page 1\">\n<div class=\"layoutArea\">\n<div class=\"column\" style=\"text-align: center;\"><strong> <span style=\"color: #ff0000;\">10 PROPUESTAS PARA EL BIENESTAR &#038; FUTURO DE NUESTROS PERROS<\/span> <span style=\"color: #3366ff;\"><a href=\"https:\/\/www.rsce.es\/images\/rsce\/home\/Noticias\/10_Propuestas_Bienestar-Futuro_perros\/\" target=\"_blank\" rel=\"noopener\">https:\/\/www.rsce.es\/images\/rsce\/home\/Noticias\/Imagen_10_propuestas_bienestar.JPG<\/a><\/span> <\/strong><\/div>\n<\/div>\n<\/div>\n<\/div><\/section><br \/>\n\n<style type=\"text\/css\" data-created_by=\"avia_inline_auto\" id=\"style-css-av-6ordl-388300b4f927e3581e5d29a00d47aa90\">\n#top .hr.av-6ordl-388300b4f927e3581e5d29a00d47aa90{\nmargin-top:0;\nmargin-bottom:30px;\n}\n.hr.av-6ordl-388300b4f927e3581e5d29a00d47aa90 .hr-inner{\nwidth:300;\nborder-color:#b02b2c;\n}\n<\/style>\n<div  class='hr av-6ordl-388300b4f927e3581e5d29a00d47aa90 hr-custom  avia-builder-el-11  el_after_av_textblock  el_before_av_textblock  hr-center hr-icon-no'><span class='hr-inner inner-border-av-border-thin'><span class=\"hr-inner-style\"><\/span><\/span><\/div><br \/>\n<section  class='av_textblock_section av-6fz91-ea46614ce4898cb912f19743a3f24730'  itemscope=\"itemscope\" itemtype=\"https:\/\/schema.org\/CreativeWork\" ><div class='avia_textblock'  itemprop=\"text\" ><p style=\"text-align: center;\"><a href=\"https:\/\/www.rsce.es\/es\/home1\/rsce-joven.html\" target=\"_blank\" rel=\"noopener\"><img loading=\"lazy\" class=\"alignnone wp-image-1300\" src=\"https:\/\/caninadecantabria.es\/web\/wp-content\/uploads\/2017\/09\/logotipo_RSCE-joven.jpg\" alt=\"\" width=\"90\" height=\"90\" srcset=\"https:\/\/caninadecantabria.es\/web\/wp-content\/uploads\/2017\/09\/logotipo_RSCE-joven.jpg 425w, https:\/\/caninadecantabria.es\/web\/wp-content\/uploads\/2017\/09\/logotipo_RSCE-joven-300x300.jpg 300w, https:\/\/caninadecantabria.es\/web\/wp-content\/uploads\/2017\/09\/logotipo_RSCE-joven-100x100.jpg 100w, https:\/\/caninadecantabria.es\/web\/wp-content\/uploads\/2017\/09\/logotipo_RSCE-joven-80x80.jpg 80w, https:\/\/caninadecantabria.es\/web\/wp-content\/uploads\/2017\/09\/logotipo_RSCE-joven-36x36.jpg 36w, https:\/\/caninadecantabria.es\/web\/wp-content\/uploads\/2017\/09\/logotipo_RSCE-joven-180x180.jpg 180w\" sizes=\"(max-width: 90px) 100vw, 90px\" \/><\/a><\/p>\n<p style=\"text-align: center;\">Reglamento de Cantabria de presentadores infantiles y juveniles.<br \/>\nVer informaci\u00f3n: <a href=\"https:\/\/www.rsce.es\/es\/home1\/rsce-joven.html\" target=\"_blank\" rel=\"noopener\">https:\/\/www.rsce.es\/es\/home1\/rsce-joven.html<\/a><\/p>\n<\/div><\/section><br \/>\n<section  class='av_textblock_section av-lb3wivnl-5d237d1362c7201baa9997d5719ff195'  itemscope=\"itemscope\" itemtype=\"https:\/\/schema.org\/CreativeWork\" ><div class='avia_textblock'  itemprop=\"text\" ><div style=\"text-align: center;\"><\/div>\n<div><\/div>\n<h3 style=\"text-align: center;\"><\/h3>\n<h3><\/h3>\n<div><\/div>\n<div><\/div>\n<div class=\"\" dir=\"auto\">\n<div id=\"jsc_c_ag\" class=\"x1iorvi4 x1pi30zi x1l90r2v x1swvt13\" data-ad-comet-preview=\"message\" data-ad-preview=\"message\">\n<div class=\"x78zum5 xdt5ytf xz62fqu x16ldp7u\">\n<div class=\"xu06os2 x1ok221b\">\n<div class=\"x11i5rnm xat24cr x1mh8g0r x1vvkbs xdj266r x126k92a\"><\/div>\n<div class=\"x11i5rnm xat24cr x1mh8g0r x1vvkbs xtlvy1s x126k92a\">\n<div dir=\"auto\"><\/div>\n<\/div>\n<\/div>\n<\/div>\n<\/div>\n<\/div>\n<div dir=\"auto\"><\/div>\n<div dir=\"auto\"><\/div>\n<div class=\"\" dir=\"auto\">\n<div id=\"jsc_c_ag\" class=\"x1iorvi4 x1pi30zi x1l90r2v x1swvt13\" data-ad-comet-preview=\"message\" data-ad-preview=\"message\">\n<div class=\"x78zum5 xdt5ytf xz62fqu x16ldp7u\">\n<div class=\"xu06os2 x1ok221b\">\n<div class=\"x11i5rnm xat24cr x1mh8g0r x1vvkbs xtlvy1s x126k92a\"><\/div>\n<\/div>\n<\/div>\n<\/div>\n<\/div>\n<div dir=\"auto\"><\/div>\n<div dir=\"auto\"><\/div>\n<div dir=\"auto\"><\/div>\n<p style=\"text-align: center;\">\n<div style=\"text-align: center;\"><\/div>\n<div><\/div>\n<div><\/div>\n<div><\/div>\n<div><\/div>\n<div><\/div>\n<div><\/div>\n<div class=\"kvgmc6g5 cxmmr5t8 oygrvhab hcukyx3x c1et5uql ii04i59q\" style=\"text-align: center;\">\n<div><\/div>\n<\/div>\n<div><\/div>\n<div><\/div>\n<div class=\"kvgmc6g5 cxmmr5t8 oygrvhab hcukyx3x c1et5uql ii04i59q\" style=\"text-align: center;\"><\/div>\n<div class=\"cxmmr5t8 oygrvhab hcukyx3x c1et5uql o9v6fnle ii04i59q\">\n<div dir=\"auto\" style=\"text-align: center;\"><\/div>\n<\/div>\n<\/div><\/section><br \/>\n\n<style type=\"text\/css\" data-created_by=\"avia_inline_auto\" id=\"style-css-av-5i64d-addaa8e15b7ec74e30ca84c028d6c1e4\">\n#top .hr.av-5i64d-addaa8e15b7ec74e30ca84c028d6c1e4{\nmargin-top:30px;\nmargin-bottom:30px;\n}\n.hr.av-5i64d-addaa8e15b7ec74e30ca84c028d6c1e4 .hr-inner{\nwidth:300;\nborder-color:#b02b2c;\n}\n<\/style>\n<div  class='hr av-5i64d-addaa8e15b7ec74e30ca84c028d6c1e4 hr-custom  avia-builder-el-14  el_after_av_textblock  avia-builder-el-last  hr-center hr-icon-no'><span class='hr-inner inner-border-av-border-thin'><span class=\"hr-inner-style\"><\/span><\/span><\/div><\/p>\n<\/div><\/div>\n<style type=\"text\/css\" data-created_by=\"avia_inline_auto\" id=\"style-css-av-4fba1-ae035cdce4a3187f7110c27a6f6f3279\">\n.flex_cell.av-4fba1-ae035cdce4a3187f7110c27a6f6f3279{\nvertical-align:top;\npadding:30px 30px 30px 30px;\n}\n<\/style>\n<div class='flex_cell av_one_fourth av-4fba1-ae035cdce4a3187f7110c27a6f6f3279 no_margin  avia-builder-el-15  el_after_av_cell_three_fourth  avia-builder-el-last ' ><div class='flex_cell_inner'><p><section  class='av_textblock_section av-davh-33b2bafb54bed3d38fd2948486cac122'  itemscope=\"itemscope\" itemtype=\"https:\/\/schema.org\/CreativeWork\" ><div class='avia_textblock'  itemprop=\"text\" ><p><span style=\"color: #993300;\"><strong>ENLACES DIRECTOS<\/strong><\/span><\/p>\n<\/div><\/section><br \/>\n<section  class='av_textblock_section av-3jfft-19b71a7d7d1b423bc7b5814c513bbe76'  itemscope=\"itemscope\" itemtype=\"https:\/\/schema.org\/CreativeWork\" ><div class='avia_textblock'  itemprop=\"text\" ><p><a href=\"https:\/\/caninadecantabria.es\/web\/wp-content\/uploads\/2023\/07\/NORMATIVA-CAMPEONATO-SOCIEDAD-CANINA-MONTANESA-CANTABRIA-2023.docx\" target=\"_blank\" rel=\"noopener\">NORMATIVA CAMPEONATO DE CANTABRIA 2023 REGLAMENTO PRESENTADORES INFANTILES Y JUVENILES<\/a><\/p>\n<p><strong><span style=\"color: #ff0000;\">La Sociedad Canina Monta\u00f1esa es delegada de la RSCE y como tal se rige por sus reglamentos.<\/span><\/strong><\/p>\n<p><img loading=\"lazy\" class=\"alignnone wp-image-1239 size-full\" src=\"https:\/\/caninadecantabria.es\/web\/wp-content\/uploads\/2017\/09\/logo-sce-1.png\" alt=\"\" width=\"71\" height=\"99\" \/><\/p>\n<p><a href=\"https:\/\/caninadecantabria.es\/web\/wp-content\/uploads\/2024\/11\/REGLAMENTO_EXPOSICIONES_DICIEMBRE_20231.pdf\" target=\"_blank\" rel=\"noopener\"><span class=\"Apple-converted-space\"><strong>REGLAMENTO EXPOSICIONES<\/strong><\/span><\/a><\/p>\n<p><a href=\"https:\/\/caninadecantabria.es\/web\/wp-content\/uploads\/2017\/09\/Reglamento_ExposicionesDiciembre2018.pdf\" target=\"_blank\" rel=\"noopener\"><b>REGLAMENTO DE CERT\u00c1MENES DE<span class=\"Apple-converted-space\">\u00a0<\/span><\/b><b>MORFOLOG\u00cdA CANINA<span class=\"Apple-converted-space\">\u00a0<\/span><\/b><\/a><\/p>\n<p><a href=\"https:\/\/caninadecantabria.es\/web\/wp-content\/uploads\/2017\/09\/Circular-10-2019.pdf\" target=\"_blank\" rel=\"noopener\">Circular 10-2019<\/a><\/p>\n<\/div><\/section><br \/>\n\n<style type=\"text\/css\" data-created_by=\"avia_inline_auto\" id=\"style-css-av-9qpl-cb7444484af0d7127a390712cb7c0f66\">\n#top .hr.av-9qpl-cb7444484af0d7127a390712cb7c0f66{\nmargin-top:30px;\nmargin-bottom:30px;\n}\n.hr.av-9qpl-cb7444484af0d7127a390712cb7c0f66 .hr-inner{\nwidth:300;\nborder-color:#b02b2c;\n}\n<\/style>\n<div  class='hr av-9qpl-cb7444484af0d7127a390712cb7c0f66 hr-custom  avia-builder-el-18  el_after_av_textblock  el_before_av_textblock  hr-center hr-icon-no'><span class='hr-inner inner-border-av-border-thin'><span class=\"hr-inner-style\"><\/span><\/span><\/div><br \/>\n<section  class='av_textblock_section av-6p2d-8219cac0b179cf5a0902ee0ceaf910cc'  itemscope=\"itemscope\" itemtype=\"https:\/\/schema.org\/CreativeWork\" ><div class='avia_textblock'  itemprop=\"text\" ><p><a href=\"https:\/\/caninadecantabria.es\/web\/wp-content\/uploads\/2025\/11\/RANKING-2025-diciembre.xlsx\">RANKING 2025<\/a><\/p>\n<p><a href=\"https:\/\/caninadecantabria.es\/web\/wp-content\/uploads\/2026\/03\/CAMPEONATO-2025-lunes.pdf\">CAMPEONATO 2025<\/a><\/p>\n<hr \/>\n<\/div><\/section><br \/>\n\n<style type=\"text\/css\" data-created_by=\"avia_inline_auto\" id=\"style-css-av-607x-a04a177fc02811ee6e0b5b782e1b1a33\">\n#top .hr.av-607x-a04a177fc02811ee6e0b5b782e1b1a33{\nmargin-top:30px;\nmargin-bottom:30px;\n}\n.hr.av-607x-a04a177fc02811ee6e0b5b782e1b1a33 .hr-inner{\nwidth:300;\nborder-color:#b02b2c;\n}\n<\/style>\n<div  class='hr av-607x-a04a177fc02811ee6e0b5b782e1b1a33 hr-custom  avia-builder-el-20  el_after_av_textblock  el_before_av_textblock  hr-center hr-icon-no'><span class='hr-inner inner-border-av-border-thin'><span class=\"hr-inner-style\"><\/span><\/span><\/div><br \/>\n<section  class='av_textblock_section av-wa4p-e011a94ec10e42f5661108e9eea3ff8c'  itemscope=\"itemscope\" itemtype=\"https:\/\/schema.org\/CreativeWork\" ><div class='avia_textblock'  itemprop=\"text\" ><p><a href=\"http:\/\/www.lanca.es\/\" target=\"_blank\" rel=\"noopener\">INSCRIPCIONES ON-LINE<\/a><\/p>\n<\/div><\/section><\/p>\n<\/div><\/div><\/div>\n","protected":false},"excerpt":{"rendered":"","protected":false},"author":3,"featured_media":0,"parent":0,"menu_order":0,"comment_status":"closed","ping_status":"closed","template":"","meta":[],"_links":{"self":[{"href":"https:\/\/caninadecantabria.es\/web\/wp-json\/wp\/v2\/pages\/21"}],"collection":[{"href":"https:\/\/caninadecantabria.es\/web\/wp-json\/wp\/v2\/pages"}],"about":[{"href":"https:\/\/caninadecantabria.es\/web\/wp-json\/wp\/v2\/types\/page"}],"author":[{"embeddable":true,"href":"https:\/\/caninadecantabria.es\/web\/wp-json\/wp\/v2\/users\/3"}],"replies":[{"embeddable":true,"href":"https:\/\/caninadecantabria.es\/web\/wp-json\/wp\/v2\/comments?post=21"}],"version-history":[{"count":727,"href":"https:\/\/caninadecantabria.es\/web\/wp-json\/wp\/v2\/pages\/21\/revisions"}],"predecessor-version":[{"id":3523,"href":"https:\/\/caninadecantabria.es\/web\/wp-json\/wp\/v2\/pages\/21\/revisions\/3523"}],"wp:attachment":[{"href":"https:\/\/caninadecantabria.es\/web\/wp-json\/wp\/v2\/media?parent=21"}],"curies":[{"name":"wp","href":"https:\/\/api.w.org\/{rel}","templated":true}]}}