{"id":2036,"date":"2022-03-11T20:50:59","date_gmt":"2022-03-11T20:50:59","guid":{"rendered":"https:\/\/caninadecantabria.es\/web\/?page_id=2036"},"modified":"2022-03-11T20:51:30","modified_gmt":"2022-03-11T20:51:30","slug":"aviso-legal","status":"publish","type":"page","link":"https:\/\/caninadecantabria.es\/web\/aviso-legal\/","title":{"rendered":"Aviso legal"},"content":{"rendered":"\n<p>AVISO LEGAL<br>Se informa que sus datos se van a tratar con la finalidad de<br>gestionar las comunicaciones realizadas a trav\u00e9s de su correo,<br>atender a los servicios prestados por el Responsable y para el<br>env\u00edo de informaci\u00f3n comercial. La base legal para el<br>tratamiento de los datos se basa en el consentimiento del<br>interesado o en la relaci\u00f3n contractual. Los datos personales se<br>mantendr\u00e1n siempre que el cliente siga vinculado al<br>Responsable. Al finalizar, se mantendr\u00e1n durante los plazos<br>legalmente previstos o en caso de no existencia de plazo legal,<br>hasta que el interesado solicite su supresi\u00f3n o revoque el<br>consentimiento otorgado. Sus datos no se ceder\u00e1n a terceros,<br>salvo obligaci\u00f3n legal. Los destinatarios ser\u00e1n los distintos<br>departamentos o secciones dentro de la organizaci\u00f3n del<br>Responsable. Los datos podr\u00e1n ser cedidos a prestadores de<br>servicios de correo electr\u00f3nico los cuales se encuentra adheridos<br>al PRIVACY SHIELD. Se le informa, adem\u00e1s, que sus datos de<br>car\u00e1cter personal, formar\u00e1n parte de un fichero responsabilidad<br>de PRODAT CANTABRIA, S.L. ante el cual podr\u00e1 ejercitar sus<br>derechos de acceso, rectificaci\u00f3n, supresi\u00f3n, oposici\u00f3n,<br>limitaci\u00f3n del tratamiento y en determinados casos a la<br>portabilidad de los datos, mediante los formularios que pueden<br>ser solicitados por mail a info@prodat.es o utilizar los elaborados<br>por la Agencia Espa\u00f1ola de Protecci\u00f3n de Datos, debiendo ir<br>firmados electr\u00f3nicamente o acompa\u00f1ados de fotocopia del DNI.<br>Si se act\u00faa por medio de representante de la misma manera<br>deber\u00e1 ir acompa\u00f1ado de copia de su DNI o con firma<br>electr\u00f3nica. Los formularios se podr\u00e1n presentar<br>presencialmente en la entidad, remitir por correo o direcci\u00f3n<br>electr\u00f3nica, en las direcciones que aparecen en el principio.<br>Tiene derecho a presentar una reclamaci\u00f3n ante la Agencia<br>Espa\u00f1ola de Protecci\u00f3n de Datos en el supuesto que considere<br>que no se ha atendido convenientemente el ejercicio de sus<\/p>\n\n\n\n<p>derechos. El plazo m\u00e1ximo para resolver es el de un mes a contar<br>desde la recepci\u00f3n de su solicitud.<br>En el caso de producirse alguna modificaci\u00f3n de sus datos, le<br>agradecemos nos lo comunique debidamente por escrito con la<br>finalidad de mantener sus datos actualizados. En caso de que no<br>quiera seguir recibiendo informaci\u00f3n sobre los servicios<br>prestados por nuestra empresa, responda a este mail con el<br>asunto \u201cdar de baja\u201d<br>\u00a1Antes de imprimir este mensaje, aseg\u00farese de que es necesario!<br>Proteger el medio ambiente est\u00e1 tambi\u00e9n en su mano.<\/p>\n","protected":false},"excerpt":{"rendered":"<p>AVISO LEGALSe informa que sus datos se van a tratar con la finalidad degestionar las comunicaciones realizadas a trav\u00e9s de su correo,atender a los servicios prestados por el Responsable y para elenv\u00edo de informaci\u00f3n comercial. La base legal para eltratamiento de los datos se basa en el consentimiento delinteresado o en la relaci\u00f3n contractual. Los [&hellip;]<\/p>\n","protected":false},"author":3,"featured_media":0,"parent":0,"menu_order":0,"comment_status":"closed","ping_status":"closed","template":"","meta":[],"_links":{"self":[{"href":"https:\/\/caninadecantabria.es\/web\/wp-json\/wp\/v2\/pages\/2036"}],"collection":[{"href":"https:\/\/caninadecantabria.es\/web\/wp-json\/wp\/v2\/pages"}],"about":[{"href":"https:\/\/caninadecantabria.es\/web\/wp-json\/wp\/v2\/types\/page"}],"author":[{"embeddable":true,"href":"https:\/\/caninadecantabria.es\/web\/wp-json\/wp\/v2\/users\/3"}],"replies":[{"embeddable":true,"href":"https:\/\/caninadecantabria.es\/web\/wp-json\/wp\/v2\/comments?post=2036"}],"version-history":[{"count":2,"href":"https:\/\/caninadecantabria.es\/web\/wp-json\/wp\/v2\/pages\/2036\/revisions"}],"predecessor-version":[{"id":2043,"href":"https:\/\/caninadecantabria.es\/web\/wp-json\/wp\/v2\/pages\/2036\/revisions\/2043"}],"wp:attachment":[{"href":"https:\/\/caninadecantabria.es\/web\/wp-json\/wp\/v2\/media?parent=2036"}],"curies":[{"name":"wp","href":"https:\/\/api.w.org\/{rel}","templated":true}]}}