{"id":15,"date":"2017-09-05T08:52:43","date_gmt":"2017-09-05T08:52:43","guid":{"rendered":"https:\/\/caninadecantabria.es\/web\/?page_id=15"},"modified":"2025-03-20T08:44:41","modified_gmt":"2025-03-20T08:44:41","slug":"historia","status":"publish","type":"page","link":"https:\/\/caninadecantabria.es\/web\/historia\/","title":{"rendered":"Historia"},"content":{"rendered":"\n<style type=\"text\/css\" data-created_by=\"avia_inline_auto\" id=\"style-css-av-23qsb-4a25cffcbf9a24341c342516d140dbf4\">\n#top .av-special-heading.av-23qsb-4a25cffcbf9a24341c342516d140dbf4{\npadding-bottom:10px;\ncolor:#b02b2c;\nfont-size:30px;\n}\nbody .av-special-heading.av-23qsb-4a25cffcbf9a24341c342516d140dbf4 .av-special-heading-tag .heading-char{\nfont-size:25px;\n}\n#top #wrap_all .av-special-heading.av-23qsb-4a25cffcbf9a24341c342516d140dbf4 .av-special-heading-tag{\nfont-size:30px;\n}\n.av-special-heading.av-23qsb-4a25cffcbf9a24341c342516d140dbf4 .special-heading-inner-border{\nborder-color:#b02b2c;\n}\n.av-special-heading.av-23qsb-4a25cffcbf9a24341c342516d140dbf4 .av-subheading{\nfont-size:15px;\n}\n<\/style>\n<div  class='av-special-heading av-23qsb-4a25cffcbf9a24341c342516d140dbf4 av-special-heading-h3 custom-color-heading blockquote modern-quote  avia-builder-el-0  el_before_av_hr  avia-builder-el-first  av-inherit-size'><h3 class='av-special-heading-tag'  itemprop=\"headline\"  >Historia<\/h3><div class=\"special-heading-border\"><div class=\"special-heading-inner-border\"><\/div><\/div><\/div>\n\n<style type=\"text\/css\" data-created_by=\"avia_inline_auto\" id=\"style-css-av-1bc6f-b4e2fa0bb56bcf537d4c051aac1aec54\">\n#top .hr.av-1bc6f-b4e2fa0bb56bcf537d4c051aac1aec54{\nmargin-top:30px;\nmargin-bottom:30px;\n}\n.hr.av-1bc6f-b4e2fa0bb56bcf537d4c051aac1aec54 .hr-inner{\nwidth:300;\nborder-color:#b02b2c;\n}\n<\/style>\n<div  class='hr av-1bc6f-b4e2fa0bb56bcf537d4c051aac1aec54 hr-custom  avia-builder-el-1  el_after_av_heading  el_before_av_textblock  hr-left hr-icon-no'><span class='hr-inner inner-border-av-border-thin'><span class=\"hr-inner-style\"><\/span><\/span><\/div>\n<section  class='av_textblock_section av-p1v3-7f0d40e01894154052d545dbf6b77d60'  itemscope=\"itemscope\" itemtype=\"https:\/\/schema.org\/CreativeWork\" ><div class='avia_textblock'  itemprop=\"text\" ><p class=\"Texto-n\">\n<p data-start=\"61\" data-end=\"190\">Este a\u00f1o es especial porque como todos sab\u00e9is celebramos los 50 a\u00f1os de la Sociedad, en la cual llevo buena parte de esos a\u00f1os.<\/p>\n<p data-start=\"192\" data-end=\"626\">Quiero dar las gracias como siempre al Ayuntamiento de Ribamontan al Mar y a la Junta Vecinal, por el patrocinio y esfuerzo que esta exposici\u00f3n supone para ellos. A la RSCE por sentirnos acompa\u00f1ados, a los patrocinadores de Arion y a Lanca por estar tantos a\u00f1os entre nosotros y como no, a todos los expositores por el esfuerzo que hacen tanto econ\u00f3mico como f\u00edsico para poderse desplazar a Cantabria y poder colaborar con nosotros.<\/p>\n<p data-start=\"192\" data-end=\"626\"><img loading=\"lazy\" class=\"size-medium wp-image-3163 alignright\" src=\"https:\/\/caninadecantabria.es\/web\/wp-content\/uploads\/2025\/03\/caninafoto-300x300.jpg\" alt=\"\" width=\"300\" height=\"300\" srcset=\"https:\/\/caninadecantabria.es\/web\/wp-content\/uploads\/2025\/03\/caninafoto-300x300.jpg 300w, https:\/\/caninadecantabria.es\/web\/wp-content\/uploads\/2025\/03\/caninafoto-80x80.jpg 80w, https:\/\/caninadecantabria.es\/web\/wp-content\/uploads\/2025\/03\/caninafoto-768x771.jpg 768w, https:\/\/caninadecantabria.es\/web\/wp-content\/uploads\/2025\/03\/caninafoto-36x36.jpg 36w, https:\/\/caninadecantabria.es\/web\/wp-content\/uploads\/2025\/03\/caninafoto-180x180.jpg 180w, https:\/\/caninadecantabria.es\/web\/wp-content\/uploads\/2025\/03\/caninafoto-702x705.jpg 702w, https:\/\/caninadecantabria.es\/web\/wp-content\/uploads\/2025\/03\/caninafoto-100x100.jpg 100w, https:\/\/caninadecantabria.es\/web\/wp-content\/uploads\/2025\/03\/caninafoto.jpg 956w\" sizes=\"(max-width: 300px) 100vw, 300px\" \/><\/p>\n<p data-start=\"628\" data-end=\"830\">La Historia de la Sociedad Canina Monta\u00f1esa se remonta hacia el a\u00f1o 1971 con la ayuda de la Sociedad de Caza en los bajos del bar La Paloma, oficialmente reconocida por la Federaci\u00f3n Nacional de Caza.<\/p>\n<p data-start=\"832\" data-end=\"1072\">La primera exposici\u00f3n regional canina data del a\u00f1o 1972, el 29 de Junio con la ayuda de la Diputaci\u00f3n Provincial y el Ayuntamiento de Santander. Aunque desde 1971 ya estaban trabajando, y como presidente estaba D. Jos\u00e9 B\u00e1rcena San Miguel.<\/p>\n<p data-start=\"1074\" data-end=\"1136\">En el a\u00f1o 1974 se concedi\u00f3 el 1\u00b0 CAC autorizado por la RSCE.<\/p>\n<p data-start=\"1138\" data-end=\"1280\">En el a\u00f1o 1976 coincidiendo con el 3\u00b0 CAC hay un cambio de presidente y ocupa el puesto D. Antonio Saez Gonzalez, manteni\u00e9ndose varios a\u00f1os.<\/p>\n<p data-start=\"1282\" data-end=\"1563\">La 1\u00b0 Exposici\u00f3n Internacional, con Antonio Saez al frente se celebr\u00f3 en Abril de 1981 en el Mercado Nacional de Ganados de Torrelavega y en esta exposici\u00f3n ya figura como vocal Rosa M\u00aa Alvarez que junto a Javier de la Torre son las dos personas que m\u00e1s a\u00f1os llevan en la canina.<\/p>\n<p data-start=\"1565\" data-end=\"1659\">Por la Canina han pasado varios presidentes y actualmente estoy yo de Presidenta desde 2015.<\/p>\n<p data-start=\"1661\" data-end=\"1951\">Hoy puedo decir que la Sociedad Canina Monta\u00f1esa est\u00e1 consolidada y ha cambiado notablemente en todo. A d\u00eda de hoy seguimos contando con el Campeonato de Cantabria. Winner del Cant\u00e1brico. Campeonato Infantil y Juvenil. Pan de Retrievers. Agility. Cursos de Gen\u00e9tica, Comisarios y Handler.<\/p>\n<p data-start=\"1953\" data-end=\"2020\">Espero seguir varios a\u00f1os m\u00e1s, adapt\u00e1ndonos a los nuevos cambios.<\/p>\n<p data-start=\"2022\" data-end=\"2072\">Un saludo<br data-start=\"2031\" data-end=\"2034\" \/>Fatima Gomez Montes (Presidenta SCM)<\/p>\n<\/div><\/section>\n","protected":false},"excerpt":{"rendered":"","protected":false},"author":3,"featured_media":0,"parent":0,"menu_order":0,"comment_status":"closed","ping_status":"closed","template":"","meta":[],"_links":{"self":[{"href":"https:\/\/caninadecantabria.es\/web\/wp-json\/wp\/v2\/pages\/15"}],"collection":[{"href":"https:\/\/caninadecantabria.es\/web\/wp-json\/wp\/v2\/pages"}],"about":[{"href":"https:\/\/caninadecantabria.es\/web\/wp-json\/wp\/v2\/types\/page"}],"author":[{"embeddable":true,"href":"https:\/\/caninadecantabria.es\/web\/wp-json\/wp\/v2\/users\/3"}],"replies":[{"embeddable":true,"href":"https:\/\/caninadecantabria.es\/web\/wp-json\/wp\/v2\/comments?post=15"}],"version-history":[{"count":5,"href":"https:\/\/caninadecantabria.es\/web\/wp-json\/wp\/v2\/pages\/15\/revisions"}],"predecessor-version":[{"id":3164,"href":"https:\/\/caninadecantabria.es\/web\/wp-json\/wp\/v2\/pages\/15\/revisions\/3164"}],"wp:attachment":[{"href":"https:\/\/caninadecantabria.es\/web\/wp-json\/wp\/v2\/media?parent=15"}],"curies":[{"name":"wp","href":"https:\/\/api.w.org\/{rel}","templated":true}]}}